{"id":1896,"date":"2021-10-26T19:21:17","date_gmt":"2021-10-26T17:21:17","guid":{"rendered":"https:\/\/jpb.dk.linux16.scannetserver.dk\/?page_id=1896"},"modified":"2022-07-09T09:06:06","modified_gmt":"2022-07-09T07:06:06","slug":"cookiepolitik","status":"publish","type":"page","link":"https:\/\/jpb.dk\/en\/cookiepolitik\/","title":{"rendered":"cookiepolitik"},"content":{"rendered":"\t\t<div data-elementor-type=\"wp-page\" data-elementor-id=\"1896\" class=\"elementor elementor-1896\" data-elementor-post-type=\"page\">\n\t\t\t\t\t\t<section class=\"elementor-section elementor-top-section elementor-element elementor-element-8b5e001 elementor-section-full_width elementor-section-content-middle elementor-section-height-min-height elementor-section-height-default elementor-section-items-middle\" data-id=\"8b5e001\" data-element_type=\"section\" data-e-type=\"section\" data-settings=\"{&quot;background_background&quot;:&quot;classic&quot;}\">\n\t\t\t\t\t\t<div class=\"elementor-container elementor-column-gap-default\">\n\t\t\t\t\t<div class=\"elementor-column elementor-col-100 elementor-top-column elementor-element elementor-element-b978bd2\" data-id=\"b978bd2\" data-element_type=\"column\" data-e-type=\"column\">\n\t\t\t<div class=\"elementor-widget-wrap elementor-element-populated\">\n\t\t\t\t\t\t<div class=\"elementor-element elementor-element-c99cf82 elementor-invisible elementor-widget elementor-widget-heading\" data-id=\"c99cf82\" data-element_type=\"widget\" data-e-type=\"widget\" data-settings=\"{&quot;_animation&quot;:&quot;fadeInUp&quot;,&quot;_animation_delay&quot;:500}\" data-widget_type=\"heading.default\">\n\t\t\t\t<div class=\"elementor-widget-container\">\n\t\t\t\t\t<h2 class=\"elementor-heading-title elementor-size-default\">Cookiepolitik<\/h2>\t\t\t\t<\/div>\n\t\t\t\t<\/div>\n\t\t\t\t\t<\/div>\n\t\t<\/div>\n\t\t\t\t\t<\/div>\n\t\t<\/section>\n\t\t\t\t<section class=\"elementor-section elementor-top-section elementor-element elementor-element-d1cd272 elementor-section-boxed elementor-section-height-default elementor-section-height-default\" data-id=\"d1cd272\" data-element_type=\"section\" data-e-type=\"section\">\n\t\t\t\t\t\t<div class=\"elementor-container elementor-column-gap-default\">\n\t\t\t\t\t<div class=\"elementor-column elementor-col-100 elementor-top-column elementor-element elementor-element-086b238\" data-id=\"086b238\" data-element_type=\"column\" data-e-type=\"column\">\n\t\t\t<div class=\"elementor-widget-wrap elementor-element-populated\">\n\t\t\t\t\t\t<div class=\"elementor-element elementor-element-d024b21 elementor-widget elementor-widget-spacer\" data-id=\"d024b21\" data-element_type=\"widget\" data-e-type=\"widget\" data-widget_type=\"spacer.default\">\n\t\t\t\t<div class=\"elementor-widget-container\">\n\t\t\t\t\t\t\t<div class=\"elementor-spacer\">\n\t\t\t<div class=\"elementor-spacer-inner\"><\/div>\n\t\t<\/div>\n\t\t\t\t\t\t<\/div>\n\t\t\t\t<\/div>\n\t\t\t\t\t<\/div>\n\t\t<\/div>\n\t\t\t\t\t<\/div>\n\t\t<\/section>\n\t\t\t\t<section class=\"elementor-section elementor-top-section elementor-element elementor-element-05b9017 elementor-section-boxed elementor-section-height-default elementor-section-height-default\" data-id=\"05b9017\" data-element_type=\"section\" data-e-type=\"section\">\n\t\t\t\t\t\t<div class=\"elementor-container elementor-column-gap-default\">\n\t\t\t\t\t<div class=\"elementor-column elementor-col-100 elementor-top-column elementor-element elementor-element-196e984\" data-id=\"196e984\" data-element_type=\"column\" data-e-type=\"column\">\n\t\t\t<div class=\"elementor-widget-wrap elementor-element-populated\">\n\t\t\t\t\t\t<div class=\"elementor-element elementor-element-6b48959 elementor-widget elementor-widget-text-editor\" data-id=\"6b48959\" data-element_type=\"widget\" data-e-type=\"widget\" data-widget_type=\"text-editor.default\">\n\t\t\t\t<div class=\"elementor-widget-container\">\n\t\t\t\t\t\t\t\t\t<p>Sidst revideret: 04-06-2020 11:50<\/p>\t\t\t\t\t\t\t\t<\/div>\n\t\t\t\t<\/div>\n\t\t\t\t<div class=\"elementor-element elementor-element-c2c739b elementor-widget elementor-widget-heading\" data-id=\"c2c739b\" data-element_type=\"widget\" data-e-type=\"widget\" data-widget_type=\"heading.default\">\n\t\t\t\t<div class=\"elementor-widget-container\">\n\t\t\t\t\t<h2 class=\"elementor-heading-title elementor-size-default\">Hvad er en cookie?<\/h2>\t\t\t\t<\/div>\n\t\t\t\t<\/div>\n\t\t\t\t<div class=\"elementor-element elementor-element-90ec146 elementor-widget elementor-widget-text-editor\" data-id=\"90ec146\" data-element_type=\"widget\" data-e-type=\"widget\" data-widget_type=\"text-editor.default\">\n\t\t\t\t<div class=\"elementor-widget-container\">\n\t\t\t\t\t\t\t\t\t<p class=\"section\">En cookie er en fil, som l\u00e6gges p\u00e5 din computer eller andet it-udstyr. Den g\u00f8r det bl.a. muligt at genkende din computer og samle information om, hvilke sider og funktioner du benytter p\u00e5 et website.\u00a0<\/p><p class=\"section\">Cookies anvendes af stort set alle websites. I nogle tilf\u00e6lde er cookies den eneste m\u00e5de at f\u00e5 et website til at fungere efter hensigten. Dette website anvender ogs\u00e5 cookies.\u00a0Nederst p\u00e5 denne side kan du se en oversigt over de enkelte cookies, deres form\u00e5l, hvem der udbyder dem, samt hvor l\u00e6nge de gemmes.<\/p><p class=\"section\">Der lagres cookies for hver browser. Det betyder, at hvis du senere bes\u00f8ger websitet med en anden browser, vil du igen blive bedt om at give samtykke til cookies, og der bliver lagret cookies for netop denne browser.<\/p>\t\t\t\t\t\t\t\t<\/div>\n\t\t\t\t<\/div>\n\t\t\t\t<div class=\"elementor-element elementor-element-8a2b631 elementor-widget elementor-widget-heading\" data-id=\"8a2b631\" data-element_type=\"widget\" data-e-type=\"widget\" data-widget_type=\"heading.default\">\n\t\t\t\t<div class=\"elementor-widget-container\">\n\t\t\t\t\t<h2 class=\"elementor-heading-title elementor-size-default\">S\u00e5dan giver eller tilbagekalder du samtykke til cookies<\/h2>\t\t\t\t<\/div>\n\t\t\t\t<\/div>\n\t\t\t\t<div class=\"elementor-element elementor-element-e458684 elementor-widget elementor-widget-text-editor\" data-id=\"e458684\" data-element_type=\"widget\" data-e-type=\"widget\" data-widget_type=\"text-editor.default\">\n\t\t\t\t<div class=\"elementor-widget-container\">\n\t\t\t\t\t\t\t\t\t<p class=\"section\">Under&nbsp;<a class=\"inlinelink\">indstillingerne for cookie-samtykke<\/a>&nbsp;kan du ved hj\u00e6lp af afkrydsning give samtykke til de forskellige typer cookies. Hvis du vil tr\u00e6kke et samtykke tilbage, skal du blot fjerne afkrydsningen.<\/p>\n<p class=\"section\">Du kan ogs\u00e5 slette cookies samlet eller enkeltvis i browseren. Hvordan du g\u00f8r det, afh\u00e6nger af hvilken browser, du anvender. Hvis du bruger flere browsere, skal du slette cookies i dem alle.<\/p>\n<p class=\"section\">V\u00e6r opm\u00e6rksom p\u00e5, at du herved kan miste gemt information som fx logins, website-pr\u00e6ferencer etc.<\/p>\t\t\t\t\t\t\t\t<\/div>\n\t\t\t\t<\/div>\n\t\t\t\t<div class=\"elementor-element elementor-element-933f894 elementor-widget elementor-widget-heading\" data-id=\"933f894\" data-element_type=\"widget\" data-e-type=\"widget\" data-widget_type=\"heading.default\">\n\t\t\t\t<div class=\"elementor-widget-container\">\n\t\t\t\t\t<h2 class=\"elementor-heading-title elementor-size-default\">S\u00e5dan sl\u00e5r du cookies fra<\/h2>\t\t\t\t<\/div>\n\t\t\t\t<\/div>\n\t\t\t\t<div class=\"elementor-element elementor-element-8856f2d elementor-widget elementor-widget-text-editor\" data-id=\"8856f2d\" data-element_type=\"widget\" data-e-type=\"widget\" data-widget_type=\"text-editor.default\">\n\t\t\t\t<div class=\"elementor-widget-container\">\n\t\t\t\t\t\t\t\t\t<p class=\"section\">\u00d8nsker du helt at undg\u00e5 cookies, kan du sl\u00e5 cookies fra i din browser &#8211; dette vil g\u00e6lde for alle websites. Bem\u00e6rk, at du s\u00e5 ikke vil kunne logge p\u00e5 eller bruge andre funktioner, som foruds\u00e6tter, at et website kan huske dine valg.<\/p>\t\t\t\t\t\t\t\t<\/div>\n\t\t\t\t<\/div>\n\t\t\t\t<div class=\"elementor-element elementor-element-6e1f9bc elementor-widget elementor-widget-heading\" data-id=\"6e1f9bc\" data-element_type=\"widget\" data-e-type=\"widget\" data-widget_type=\"heading.default\">\n\t\t\t\t<div class=\"elementor-widget-container\">\n\t\t\t\t\t<h2 class=\"elementor-heading-title elementor-size-default\">F\u00e6lles dataansvar<\/h2>\t\t\t\t<\/div>\n\t\t\t\t<\/div>\n\t\t\t\t<div class=\"elementor-element elementor-element-cdca0ed elementor-widget elementor-widget-text-editor\" data-id=\"cdca0ed\" data-element_type=\"widget\" data-e-type=\"widget\" data-widget_type=\"text-editor.default\">\n\t\t\t\t<div class=\"elementor-widget-container\">\n\t\t\t\t\t\t\t\t\t<p class=\"section\">Dette website anvender tredjepartscookies, som indsamler personoplysninger til personalisering og\/eller m\u00e5lrettet markedsf\u00f8ring. Vi er s\u00e5ledes f\u00e6lles dataansvarlige med f\u00f8lgende parter:<\/p><p class=\"section\">&#8211; Google (<a class=\"inlinelink\" href=\"https:\/\/policies.google.com\/privacy\" target=\"_blank\" rel=\"noopener\">https:\/\/policies.google.com\/privacy<\/a>)<\/p><p class=\"section\">For information om hvilken persondatabehandling disse tredjeparter foretager, ud over vores f\u00e6lles indsamling og videregivelse af personoplysninger, henvises til de n\u00e6vnte parters persondatapolitik.<\/p>\t\t\t\t\t\t\t\t<\/div>\n\t\t\t\t<\/div>\n\t\t\t\t<div class=\"elementor-element elementor-element-299517a elementor-widget elementor-widget-heading\" data-id=\"299517a\" data-element_type=\"widget\" data-e-type=\"widget\" data-widget_type=\"heading.default\">\n\t\t\t\t<div class=\"elementor-widget-container\">\n\t\t\t\t\t<h2 class=\"elementor-heading-title elementor-size-default\">Detaljeret information om cookies, udbydere, form\u00e5l og udl\u00f8bsdato<\/h2>\t\t\t\t<\/div>\n\t\t\t\t<\/div>\n\t\t\t\t<div class=\"elementor-element elementor-element-96615fd elementor-widget elementor-widget-text-editor\" data-id=\"96615fd\" data-element_type=\"widget\" data-e-type=\"widget\" data-widget_type=\"text-editor.default\">\n\t\t\t\t<div class=\"elementor-widget-container\">\n\t\t\t\t\t\t\t\t\t<h3 class=\"heading3\">Tekniske cookies<\/h3>\n<h3 class=\"heading3\">Statistik-cookies<\/h3>\n<h3 class=\"heading3\">Personalisering-cookies<\/h3>\n\n[cookie_declaration lang=&#8221;da&#8221;]\t\t\t\t\t\t\t\t<\/div>\n\t\t\t\t<\/div>\n\t\t\t\t\t<\/div>\n\t\t<\/div>\n\t\t\t\t\t<\/div>\n\t\t<\/section>\n\t\t\t\t<\/div>\n\t\t","protected":false},"excerpt":{"rendered":"<p>Cookiepolitik Sidst revideret: 04-06-2020 11:50 Hvad er en cookie? En cookie er en fil, som l\u00e6gges p\u00e5 din computer eller andet it-udstyr. Den g\u00f8r det bl.a. muligt at genkende din computer og samle information om, hvilke sider og funktioner du benytter p\u00e5 et website.\u00a0 Cookies anvendes af stort set alle websites. I nogle tilf\u00e6lde er [&hellip;]<\/p>\n","protected":false},"author":4,"featured_media":0,"parent":0,"menu_order":0,"comment_status":"closed","ping_status":"closed","template":"","meta":{"_acf_changed":false,"site-sidebar-layout":"no-sidebar","site-content-layout":"page-builder","ast-site-content-layout":"default","site-content-style":"default","site-sidebar-style":"default","ast-global-header-display":"","ast-banner-title-visibility":"","ast-main-header-display":"","ast-hfb-above-header-display":"","ast-hfb-below-header-display":"","ast-hfb-mobile-header-display":"","site-post-title":"disabled","ast-breadcrumbs-content":"","ast-featured-img":"disabled","footer-sml-layout":"","ast-disable-related-posts":"","theme-transparent-header-meta":"default","adv-header-id-meta":"","stick-header-meta":"","header-above-stick-meta":"","header-main-stick-meta":"","header-below-stick-meta":"","astra-migrate-meta-layouts":"default","ast-page-background-enabled":"default","ast-page-background-meta":{"desktop":{"background-color":"var(--ast-global-color-4)","background-image":"","background-repeat":"repeat","background-position":"center center","background-size":"auto","background-attachment":"scroll","background-type":"","background-media":"","overlay-type":"","overlay-color":"","overlay-opacity":"","overlay-gradient":""},"tablet":{"background-color":"","background-image":"","background-repeat":"repeat","background-position":"center center","background-size":"auto","background-attachment":"scroll","background-type":"","background-media":"","overlay-type":"","overlay-color":"","overlay-opacity":"","overlay-gradient":""},"mobile":{"background-color":"","background-image":"","background-repeat":"repeat","background-position":"center center","background-size":"auto","background-attachment":"scroll","background-type":"","background-media":"","overlay-type":"","overlay-color":"","overlay-opacity":"","overlay-gradient":""}},"ast-content-background-meta":{"desktop":{"background-color":"var(--ast-global-color-5)","background-image":"","background-repeat":"repeat","background-position":"center center","background-size":"auto","background-attachment":"scroll","background-type":"","background-media":"","overlay-type":"","overlay-color":"","overlay-opacity":"","overlay-gradient":""},"tablet":{"background-color":"var(--ast-global-color-5)","background-image":"","background-repeat":"repeat","background-position":"center center","background-size":"auto","background-attachment":"scroll","background-type":"","background-media":"","overlay-type":"","overlay-color":"","overlay-opacity":"","overlay-gradient":""},"mobile":{"background-color":"var(--ast-global-color-5)","background-image":"","background-repeat":"repeat","background-position":"center center","background-size":"auto","background-attachment":"scroll","background-type":"","background-media":"","overlay-type":"","overlay-color":"","overlay-opacity":"","overlay-gradient":""}},"footnotes":""},"class_list":["post-1896","page","type-page","status-publish","hentry"],"acf":[],"_links":{"self":[{"href":"https:\/\/jpb.dk\/en\/wp-json\/wp\/v2\/pages\/1896","targetHints":{"allow":["GET"]}}],"collection":[{"href":"https:\/\/jpb.dk\/en\/wp-json\/wp\/v2\/pages"}],"about":[{"href":"https:\/\/jpb.dk\/en\/wp-json\/wp\/v2\/types\/page"}],"author":[{"embeddable":true,"href":"https:\/\/jpb.dk\/en\/wp-json\/wp\/v2\/users\/4"}],"replies":[{"embeddable":true,"href":"https:\/\/jpb.dk\/en\/wp-json\/wp\/v2\/comments?post=1896"}],"version-history":[{"count":5,"href":"https:\/\/jpb.dk\/en\/wp-json\/wp\/v2\/pages\/1896\/revisions"}],"predecessor-version":[{"id":5064,"href":"https:\/\/jpb.dk\/en\/wp-json\/wp\/v2\/pages\/1896\/revisions\/5064"}],"wp:attachment":[{"href":"https:\/\/jpb.dk\/en\/wp-json\/wp\/v2\/media?parent=1896"}],"curies":[{"name":"wp","href":"https:\/\/api.w.org\/{rel}","templated":true}]}}