{"id":1887,"date":"2021-10-26T17:56:26","date_gmt":"2021-10-26T15:56:26","guid":{"rendered":"https:\/\/jpb.dk.linux16.scannetserver.dk\/?page_id=1887"},"modified":"2023-03-21T16:39:14","modified_gmt":"2023-03-21T14:39:14","slug":"persondatapolitik","status":"publish","type":"page","link":"https:\/\/jpb.dk\/en\/persondatapolitik\/","title":{"rendered":"persondatapolitik"},"content":{"rendered":"<div data-elementor-type=\"wp-page\" data-elementor-id=\"1887\" class=\"elementor elementor-1887\" data-elementor-post-type=\"page\">\n\t\t\t\t\t\t<section class=\"elementor-section elementor-top-section elementor-element elementor-element-8b5e001 elementor-section-full_width elementor-section-content-middle elementor-section-height-min-height elementor-section-height-default elementor-section-items-middle\" data-id=\"8b5e001\" data-element_type=\"section\" data-e-type=\"section\" data-settings=\"{&quot;background_background&quot;:&quot;classic&quot;}\">\n\t\t\t\t\t\t<div class=\"elementor-container elementor-column-gap-default\">\n\t\t\t\t\t<div class=\"elementor-column elementor-col-100 elementor-top-column elementor-element elementor-element-b978bd2\" data-id=\"b978bd2\" data-element_type=\"column\" data-e-type=\"column\">\n\t\t\t<div class=\"elementor-widget-wrap elementor-element-populated\">\n\t\t\t\t\t\t<div class=\"elementor-element elementor-element-c99cf82 elementor-invisible elementor-widget elementor-widget-heading\" data-id=\"c99cf82\" data-element_type=\"widget\" data-e-type=\"widget\" data-settings=\"{&quot;_animation&quot;:&quot;fadeInUp&quot;,&quot;_animation_delay&quot;:500}\" data-widget_type=\"heading.default\">\n\t\t\t\t<div class=\"elementor-widget-container\">\n\t\t\t\t\t<h2 class=\"elementor-heading-title elementor-size-default\">Privacy Policy<\/h2>\t\t\t\t<\/div>\n\t\t\t\t<\/div>\n\t\t\t\t\t<\/div>\n\t\t<\/div>\n\t\t\t\t\t<\/div>\n\t\t<\/section>\n\t\t\t\t<section class=\"elementor-section elementor-top-section elementor-element elementor-element-d1cd272 elementor-section-boxed elementor-section-height-default elementor-section-height-default\" data-id=\"d1cd272\" data-element_type=\"section\" data-e-type=\"section\">\n\t\t\t\t\t\t<div class=\"elementor-container elementor-column-gap-default\">\n\t\t\t\t\t<div class=\"elementor-column elementor-col-100 elementor-top-column elementor-element elementor-element-086b238\" data-id=\"086b238\" data-element_type=\"column\" data-e-type=\"column\">\n\t\t\t<div class=\"elementor-widget-wrap elementor-element-populated\">\n\t\t\t\t\t\t<div class=\"elementor-element elementor-element-d024b21 elementor-widget elementor-widget-spacer\" data-id=\"d024b21\" data-element_type=\"widget\" data-e-type=\"widget\" data-widget_type=\"spacer.default\">\n\t\t\t\t<div class=\"elementor-widget-container\">\n\t\t\t\t\t\t\t<div class=\"elementor-spacer\">\n\t\t\t<div class=\"elementor-spacer-inner\"><\/div>\n\t\t<\/div>\n\t\t\t\t\t\t<\/div>\n\t\t\t\t<\/div>\n\t\t\t\t\t<\/div>\n\t\t<\/div>\n\t\t\t\t\t<\/div>\n\t\t<\/section>\n\t\t\t\t<section class=\"elementor-section elementor-top-section elementor-element elementor-element-05b9017 elementor-section-boxed elementor-section-height-default elementor-section-height-default\" data-id=\"05b9017\" data-element_type=\"section\" data-e-type=\"section\">\n\t\t\t\t\t\t<div class=\"elementor-container elementor-column-gap-default\">\n\t\t\t\t\t<div class=\"elementor-column elementor-col-100 elementor-top-column elementor-element elementor-element-196e984\" data-id=\"196e984\" data-element_type=\"column\" data-e-type=\"column\">\n\t\t\t<div class=\"elementor-widget-wrap elementor-element-populated\">\n\t\t\t\t\t\t<div class=\"elementor-element elementor-element-c2c739b elementor-widget elementor-widget-heading\" data-id=\"c2c739b\" data-element_type=\"widget\" data-e-type=\"widget\" data-widget_type=\"heading.default\">\n\t\t\t\t<div class=\"elementor-widget-container\">\n\t\t\t\t\t<h2 class=\"elementor-heading-title elementor-size-default\">Registration and processing of personal data<\/h2>\t\t\t\t<\/div>\n\t\t\t\t<\/div>\n\t\t\t\t<div class=\"elementor-element elementor-element-90ec146 elementor-widget elementor-widget-text-editor\" data-id=\"90ec146\" data-element_type=\"widget\" data-e-type=\"widget\" data-widget_type=\"text-editor.default\">\n\t\t\t\t<div class=\"elementor-widget-container\">\n\t\t\t\t\t\t\t\t\t<p class=\"section\">Jon Palle Buhl, CVR no. 17900285, (\u201cthe Law Firm\u201d) operates from the address Valkendorfsgade 16, DK-1151 Copenhagen K, and accordingly receives personal information about clients and other natural persons.<\/p><p class=\"section\">The Law Firm is responsible (data controller) for the processing of this personal data. The Law Firm's processing of the personal data is subject to the terms of this Personal Data Policy.<\/p>\t\t\t\t\t\t\t\t<\/div>\n\t\t\t\t<\/div>\n\t\t\t\t<div class=\"elementor-element elementor-element-8a2b631 elementor-widget elementor-widget-heading\" data-id=\"8a2b631\" data-element_type=\"widget\" data-e-type=\"widget\" data-widget_type=\"heading.default\">\n\t\t\t\t<div class=\"elementor-widget-container\">\n\t\t\t\t\t<h2 class=\"elementor-heading-title elementor-size-default\">What personal information is stored and used?<\/h2>\t\t\t\t<\/div>\n\t\t\t\t<\/div>\n\t\t\t\t<div class=\"elementor-element elementor-element-e458684 elementor-widget elementor-widget-text-editor\" data-id=\"e458684\" data-element_type=\"widget\" data-e-type=\"widget\" data-widget_type=\"text-editor.default\">\n\t\t\t\t<div class=\"elementor-widget-container\">\n\t\t\t\t\t\t\t\t\t<p class=\"section\">The Law Firm processes the following categories of personal information about clients, the client's family members, counterparties and other natural persons:<\/p><ul><li>General contact information, including name, address, telephone number and email address<\/li><li>IP addresses<\/li><li>Personal Identification No.<\/li><li>Identification documentation, e.g. copy of passport or driving licence<\/li><li>Financial and legal information<\/li><li>Insurance information<\/li><li>Social and personal information<\/li><li>Health information<\/li><li>Criminal information<\/li><li>Employment information, including any information on trade union affiliation<\/li><\/ul><p class=\"section\">The personal information is processed in digitised, and in some cases physical form.<\/p>\t\t\t\t\t\t\t\t<\/div>\n\t\t\t\t<\/div>\n\t\t\t\t<div class=\"elementor-element elementor-element-933f894 elementor-widget elementor-widget-heading\" data-id=\"933f894\" data-element_type=\"widget\" data-e-type=\"widget\" data-widget_type=\"heading.default\">\n\t\t\t\t<div class=\"elementor-widget-container\">\n\t\t\t\t\t<h2 class=\"elementor-heading-title elementor-size-default\">The purposes of data processing<\/h2>\t\t\t\t<\/div>\n\t\t\t\t<\/div>\n\t\t\t\t<div class=\"elementor-element elementor-element-8856f2d elementor-widget elementor-widget-text-editor\" data-id=\"8856f2d\" data-element_type=\"widget\" data-e-type=\"widget\" data-widget_type=\"text-editor.default\">\n\t\t\t\t<div class=\"elementor-widget-container\">\n\t\t\t\t\t\t\t\t\t<p class=\"section\">The Law Firm processes personal data:<\/p><ul><li>to provide legal assistance in disputes in ordinary courts, professional and non-professional arbitration, boards, etc.<\/li><li>to provide assistance in connection with the execution of business transactions concerning the Law Firm's clients, for example business transfers<\/li><li>to provide legal and related advice to clients in areas of law that fall within the Law Firm's business areas<\/li><li>to provide assistance in rectifying clients' legal matters, such as completing the purchase of real estate<\/li><\/ul><p class=\"section\">The processing of personal data will be limited to what is necessary to fulfil the purpose(s) in question.<\/p>\t\t\t\t\t\t\t\t<\/div>\n\t\t\t\t<\/div>\n\t\t\t\t<div class=\"elementor-element elementor-element-6e1f9bc elementor-widget elementor-widget-heading\" data-id=\"6e1f9bc\" data-element_type=\"widget\" data-e-type=\"widget\" data-widget_type=\"heading.default\">\n\t\t\t\t<div class=\"elementor-widget-container\">\n\t\t\t\t\t<h2 class=\"elementor-heading-title elementor-size-default\">Collecting personal data<\/h2>\t\t\t\t<\/div>\n\t\t\t\t<\/div>\n\t\t\t\t<div class=\"elementor-element elementor-element-cdca0ed elementor-widget elementor-widget-text-editor\" data-id=\"cdca0ed\" data-element_type=\"widget\" data-e-type=\"widget\" data-widget_type=\"text-editor.default\">\n\t\t\t\t<div class=\"elementor-widget-container\">\n\t\t\t\t\t\t\t\t\t<p class=\"section\">Personal data processed by the Law Firm will be i) provided by the data subject him- or herself, ii) received from third parties (e.g. courts, public authorities, counterparties and their attorneys, witnesses or other persons involved in cases processed by the Law Firm), or iii) collected by the Law Firm from public registers, or iv) collected by the Law Firm from other public sources, including the Internet.<\/p>\t\t\t\t\t\t\t\t<\/div>\n\t\t\t\t<\/div>\n\t\t\t\t<div class=\"elementor-element elementor-element-299517a elementor-widget elementor-widget-heading\" data-id=\"299517a\" data-element_type=\"widget\" data-e-type=\"widget\" data-widget_type=\"heading.default\">\n\t\t\t\t<div class=\"elementor-widget-container\">\n\t\t\t\t\t<h2 class=\"elementor-heading-title elementor-size-default\">Basis for processing of personal data<\/h2>\t\t\t\t<\/div>\n\t\t\t\t<\/div>\n\t\t\t\t<div class=\"elementor-element elementor-element-96615fd elementor-widget elementor-widget-text-editor\" data-id=\"96615fd\" data-element_type=\"widget\" data-e-type=\"widget\" data-widget_type=\"text-editor.default\">\n\t\t\t\t<div class=\"elementor-widget-container\">\n\t\t\t\t\t\t\t\t\t<p class=\"section\">The legal basis for the Law Firm's processing of personal data is one or more of the following:<\/p><ul><li>for the purpose of fulfilling an agreement with the client, including an agreement on legal representation in court proceedings or an agreement on the provision of legal advice,<\/li><li>to determine, assert or defend legal claims, including for example when the Law Firm participates in a lawsuit,<\/li><li>in certain cases when it is necessary for the Law Firm to pursue a legitimate interest and when the interests of the data subject do not prohibit such interest;<\/li><li>to comply with money laundering rules applicable to attorneys<\/li><\/ul>\t\t\t\t\t\t\t\t<\/div>\n\t\t\t\t<\/div>\n\t\t\t\t<div class=\"elementor-element elementor-element-b2a4c3a elementor-widget elementor-widget-heading\" data-id=\"b2a4c3a\" data-element_type=\"widget\" data-e-type=\"widget\" data-widget_type=\"heading.default\">\n\t\t\t\t<div class=\"elementor-widget-container\">\n\t\t\t\t\t<h2 class=\"elementor-heading-title elementor-size-default\">Sharing of personal information<\/h2>\t\t\t\t<\/div>\n\t\t\t\t<\/div>\n\t\t\t\t<div class=\"elementor-element elementor-element-26c3d2f elementor-widget elementor-widget-text-editor\" data-id=\"26c3d2f\" data-element_type=\"widget\" data-e-type=\"widget\" data-widget_type=\"text-editor.default\">\n\t\t\t\t<div class=\"elementor-widget-container\">\n\t\t\t\t\t\t\t\t\t<p class=\"section\">The following natural and legal persons will, to the extent it is relevant, be able to access personal information as part of the Law Firm's case processing:<\/p><ul><li>courts\/tribunals, arbitral tribunals, boards of appeal and public authorities, which can decide in pending cases<\/li><li>counterparties and their attorneys involved in litigation or legal arrangements to which the data subject is a party<\/li><li>other parties and their attorneys in linked cases which the Law Firm handles<\/li><li>banks, real estate agents and other companies that play a relevant part in the processing of the Law Firm's cases<\/li><li>insurance companies that provide legal aid coverage or that otherwise represent a party interest in a case to which the Law Firm is party<\/li><li>experts and other persons, including witnesses involved in a case<\/li><li>employees at the Law Firm<\/li><li>public authorities which, according to law, are entitled to require personal data to be disclosed, or to whom the Law Firm has a duty to report, for example in connection with money laundering rules<\/li><li>representatives of the Danish Bar and Law Society in connection with supervision in accordance with current regulations for attorneys<\/li><li>public authorities, if required by law, including in specific cases for the purpose of combating online fraud and other criminal activities or attempts to do so;<\/li><\/ul><p class=\"section\">Sharing\/disclosure take place only when it is required for the Law Firm's processing of a case and related administrative and financially tasks, such as invoicing.<\/p><p class=\"section\">Personal data can, when relevant to the case processing, be transferred to other countries both inside and outside of the EU. The law firm carefully selects its partners and attaches crucial importance to the fact that information about cases is always treated confidentially.<\/p>\t\t\t\t\t\t\t\t<\/div>\n\t\t\t\t<\/div>\n\t\t\t\t<div class=\"elementor-element elementor-element-ce4d5da elementor-widget elementor-widget-heading\" data-id=\"ce4d5da\" data-element_type=\"widget\" data-e-type=\"widget\" data-widget_type=\"heading.default\">\n\t\t\t\t<div class=\"elementor-widget-container\">\n\t\t\t\t\t<h2 class=\"elementor-heading-title elementor-size-default\">Duration of storage<\/h2>\t\t\t\t<\/div>\n\t\t\t\t<\/div>\n\t\t\t\t<div class=\"elementor-element elementor-element-dfdc052 elementor-widget elementor-widget-text-editor\" data-id=\"dfdc052\" data-element_type=\"widget\" data-e-type=\"widget\" data-widget_type=\"text-editor.default\">\n\t\t\t\t<div class=\"elementor-widget-container\">\n\t\t\t\t\t\t\t\t\t<p class=\"section\">The Law Firm stores the personal information as long as it (i) is relevant to the Law Firm's performance of its duties, (ii) is necessary to meet any claims that may be raised against the client or the Law Firm, and in addition (iii) as long as is necessary to be able to ensure the client's interests and meet the client's needs.\u00a0<\/p><p class=\"section\">The personal data is generally deleted 5 years after the end of the case, but this depends on a specific assessment in each individual case.<\/p><p class=\"section\">In this assessment, emphasis is put on the nature of the assistance provided, documentation considerations and the relevant legislation, including in particular the accounting rules, the rules on conflict of interest and general rules on limitation of property law claims and the client's need to access the information in future.<\/p><p class=\"section\">A client may at any time terminate the arrangement with the Law Firm, just as an arrangement may be terminated by the appointing authority. However, even in this situation, the Law Firm is subject to a number of rules and duties, which make it necessary to store the personal data for a longer period.<\/p>\t\t\t\t\t\t\t\t<\/div>\n\t\t\t\t<\/div>\n\t\t\t\t<div class=\"elementor-element elementor-element-d853507 elementor-widget elementor-widget-heading\" data-id=\"d853507\" data-element_type=\"widget\" data-e-type=\"widget\" data-widget_type=\"heading.default\">\n\t\t\t\t<div class=\"elementor-widget-container\">\n\t\t\t\t\t<h2 class=\"elementor-heading-title elementor-size-default\">Safety precautions<\/h2>\t\t\t\t<\/div>\n\t\t\t\t<\/div>\n\t\t\t\t<div class=\"elementor-element elementor-element-22a3d52 elementor-widget elementor-widget-text-editor\" data-id=\"22a3d52\" data-element_type=\"widget\" data-e-type=\"widget\" data-widget_type=\"text-editor.default\">\n\t\t\t\t<div class=\"elementor-widget-container\">\n\t\t\t\t\t\t\t\t\t<p class=\"section\">The Law Firm secures personal information through both technical and organisational security measures in order to protect the data subject's information against unauthorised access, manipulation, destruction\/deletion or loss of information.<\/p>\n<p class=\"section\">The law firm uses Advosys (Unik System Design A\/S) as system supplier for processing and storage of personal data on servers run and hosted by Microsoft and Sentia Denmark A\/S, respectively.<\/p>\n<p class=\"section\">Data processor agreements have been entered into to guarantee the relevant, recommended and statutorily required security measures and the consequent protection of the personal data processed by the Law Firm.<\/p>\n<p class=\"section\">The Law Firm has determined that other attorneys and employees at the firm may only access personal information to the extent that this is relevant to the case processing. The persons at the Law Firm who gain access to personal information are subject to a duty of confidentiality.<\/p>\t\t\t\t\t\t\t\t<\/div>\n\t\t\t\t<\/div>\n\t\t\t\t<div class=\"elementor-element elementor-element-56d82ca elementor-widget elementor-widget-heading\" data-id=\"56d82ca\" data-element_type=\"widget\" data-e-type=\"widget\" data-widget_type=\"heading.default\">\n\t\t\t\t<div class=\"elementor-widget-container\">\n\t\t\t\t\t<h2 class=\"elementor-heading-title elementor-size-default\">Rights of the data subject<\/h2>\t\t\t\t<\/div>\n\t\t\t\t<\/div>\n\t\t\t\t<div class=\"elementor-element elementor-element-26a5bdc elementor-widget elementor-widget-text-editor\" data-id=\"26a5bdc\" data-element_type=\"widget\" data-e-type=\"widget\" data-widget_type=\"text-editor.default\">\n\t\t\t\t<div class=\"elementor-widget-container\">\n\t\t\t\t\t\t\t\t\t<p class=\"section\">The natural person about whom the Law Firm retains information, including the client, has the following rights in relation to the Law Firm:<\/p>\n<ul>\n<li>Access to be informed of which personal information about the person in question has been registered by the Law Firm.<\/li>\n<li>Ret til at f\u00e5 berigtiget urigtige oplysninger om den p\u00e5g\u00e6ldende registreret af Advokatfirmaet.<\/li>\n<li>The right to have information about the person in question deleted when the registration is no longer necessary for the fulfilment of the purposes in sections 3 and 7 and is not prevented by a task\/duty incumbent on the Law Firm pursuant to Danish or EU legislation.<\/li>\n<li>Right to limited processing of personal data about the person in question when the accuracy or inaccuracy of the personal data in question cannot be established or the personal data is to be used as evidence.<\/li>\n<li>Access to receive in a structured, ordinary and machine-readable format, possibly by e-mail to the person in question, or to a newly appointed attorney or other third party, the information that the person in question has provided to the Law Firm.<\/li>\n<\/ul>\n<p class=\"section\">The Law Firm does not inform a person who is not a client about this personal data policy, including the person's rights under this section 9, if the Law Firm's processing of the personal data is covered by the Law Firm's duty of confidentiality, and this shall be compromised by the information.<\/p>\t\t\t\t\t\t\t\t<\/div>\n\t\t\t\t<\/div>\n\t\t\t\t<div class=\"elementor-element elementor-element-1e73175 elementor-widget elementor-widget-heading\" data-id=\"1e73175\" data-element_type=\"widget\" data-e-type=\"widget\" data-widget_type=\"heading.default\">\n\t\t\t\t<div class=\"elementor-widget-container\">\n\t\t\t\t\t<h2 class=\"elementor-heading-title elementor-size-default\">Change of personal data policy<\/h2>\t\t\t\t<\/div>\n\t\t\t\t<\/div>\n\t\t\t\t<div class=\"elementor-element elementor-element-5b19a98 elementor-widget elementor-widget-text-editor\" data-id=\"5b19a98\" data-element_type=\"widget\" data-e-type=\"widget\" data-widget_type=\"text-editor.default\">\n\t\t\t\t<div class=\"elementor-widget-container\">\n\t\t\t\t\t\t\t\t\t<p class=\"section\">This personal data policy can be continuously adjusted by the Law Firm to comply with the personal data rules in force at any given time.<\/p>\t\t\t\t\t\t\t\t<\/div>\n\t\t\t\t<\/div>\n\t\t\t\t<div class=\"elementor-element elementor-element-5493035 elementor-widget elementor-widget-heading\" data-id=\"5493035\" data-element_type=\"widget\" data-e-type=\"widget\" data-widget_type=\"heading.default\">\n\t\t\t\t<div class=\"elementor-widget-container\">\n\t\t\t\t\t<h2 class=\"elementor-heading-title elementor-size-default\">Contact<\/h2>\t\t\t\t<\/div>\n\t\t\t\t<\/div>\n\t\t\t\t<div class=\"elementor-element elementor-element-a994483 elementor-widget elementor-widget-text-editor\" data-id=\"a994483\" data-element_type=\"widget\" data-e-type=\"widget\" data-widget_type=\"text-editor.default\">\n\t\t\t\t<div class=\"elementor-widget-container\">\n\t\t\t\t\t\t\t\t\t<p class=\"section\">If the data subject has objections to the Law Firm's processing of his\/her personal data, the data subject is encouraged to contact the Law Firm (Attorney Ulrich Birch Hartmann: <a href=\"mailto:ubh@jpb.dk\">ubh@jpb.dk<\/a>.<\/p><p class=\"section\">The data subject also has the right to complain to the Danish Data Protection Agency in relation to his\/her rights and about the Law Firm's processing of the person's personal data. For further information, please refer to the Danish Data Protection Agency's website\u00a0<a href=\"http:\/\/www.datatilsynet.dk\" target=\"_blank\" rel=\"noopener\">www.datatilsynet.dk<\/a>.<\/p>\t\t\t\t\t\t\t\t<\/div>\n\t\t\t\t<\/div>\n\t\t\t\t\t<\/div>\n\t\t<\/div>\n\t\t\t\t\t<\/div>\n\t\t<\/section>\n\t\t\t\t<\/div>","protected":false},"excerpt":{"rendered":"<p>Persondatapolitik Registrering og behandling af personoplysninger Jon Palle Buhl Advokatfirmaet, CVR nr. 17900285, (\u201dAdvokatfirmaet\u201d) driver advokatvirksomhed fra adressen Valkendorfsgade 16, 1151 K\u00f8benhavn K, og modtager som led heri personoplysninger om klienter og andre fysiske personer. Advokatfirmaet er ansvarlig (dataansvarlig) for behandlingen af disse personoplysninger, og Advokatfirmaets behandling af personoplysningerne er underlagt vilk\u00e5rene i denne Persondatapolitik. [&hellip;]<\/p>\n","protected":false},"author":4,"featured_media":0,"parent":0,"menu_order":0,"comment_status":"closed","ping_status":"closed","template":"","meta":{"_acf_changed":false,"site-sidebar-layout":"no-sidebar","site-content-layout":"page-builder","ast-site-content-layout":"default","site-content-style":"default","site-sidebar-style":"default","ast-global-header-display":"","ast-banner-title-visibility":"","ast-main-header-display":"","ast-hfb-above-header-display":"","ast-hfb-below-header-display":"","ast-hfb-mobile-header-display":"","site-post-title":"disabled","ast-breadcrumbs-content":"","ast-featured-img":"disabled","footer-sml-layout":"","ast-disable-related-posts":"","theme-transparent-header-meta":"default","adv-header-id-meta":"","stick-header-meta":"","header-above-stick-meta":"","header-main-stick-meta":"","header-below-stick-meta":"","astra-migrate-meta-layouts":"default","ast-page-background-enabled":"default","ast-page-background-meta":{"desktop":{"background-color":"var(--ast-global-color-4)","background-image":"","background-repeat":"repeat","background-position":"center center","background-size":"auto","background-attachment":"scroll","background-type":"","background-media":"","overlay-type":"","overlay-color":"","overlay-opacity":"","overlay-gradient":""},"tablet":{"background-color":"","background-image":"","background-repeat":"repeat","background-position":"center center","background-size":"auto","background-attachment":"scroll","background-type":"","background-media":"","overlay-type":"","overlay-color":"","overlay-opacity":"","overlay-gradient":""},"mobile":{"background-color":"","background-image":"","background-repeat":"repeat","background-position":"center center","background-size":"auto","background-attachment":"scroll","background-type":"","background-media":"","overlay-type":"","overlay-color":"","overlay-opacity":"","overlay-gradient":""}},"ast-content-background-meta":{"desktop":{"background-color":"var(--ast-global-color-5)","background-image":"","background-repeat":"repeat","background-position":"center center","background-size":"auto","background-attachment":"scroll","background-type":"","background-media":"","overlay-type":"","overlay-color":"","overlay-opacity":"","overlay-gradient":""},"tablet":{"background-color":"var(--ast-global-color-5)","background-image":"","background-repeat":"repeat","background-position":"center center","background-size":"auto","background-attachment":"scroll","background-type":"","background-media":"","overlay-type":"","overlay-color":"","overlay-opacity":"","overlay-gradient":""},"mobile":{"background-color":"var(--ast-global-color-5)","background-image":"","background-repeat":"repeat","background-position":"center center","background-size":"auto","background-attachment":"scroll","background-type":"","background-media":"","overlay-type":"","overlay-color":"","overlay-opacity":"","overlay-gradient":""}},"footnotes":""},"class_list":["post-1887","page","type-page","status-publish","hentry"],"acf":[],"_links":{"self":[{"href":"https:\/\/jpb.dk\/en\/wp-json\/wp\/v2\/pages\/1887","targetHints":{"allow":["GET"]}}],"collection":[{"href":"https:\/\/jpb.dk\/en\/wp-json\/wp\/v2\/pages"}],"about":[{"href":"https:\/\/jpb.dk\/en\/wp-json\/wp\/v2\/types\/page"}],"author":[{"embeddable":true,"href":"https:\/\/jpb.dk\/en\/wp-json\/wp\/v2\/users\/4"}],"replies":[{"embeddable":true,"href":"https:\/\/jpb.dk\/en\/wp-json\/wp\/v2\/comments?post=1887"}],"version-history":[{"count":5,"href":"https:\/\/jpb.dk\/en\/wp-json\/wp\/v2\/pages\/1887\/revisions"}],"predecessor-version":[{"id":6599,"href":"https:\/\/jpb.dk\/en\/wp-json\/wp\/v2\/pages\/1887\/revisions\/6599"}],"wp:attachment":[{"href":"https:\/\/jpb.dk\/en\/wp-json\/wp\/v2\/media?parent=1887"}],"curies":[{"name":"wp","href":"https:\/\/api.w.org\/{rel}","templated":true}]}}